{"id":16070,"date":"2026-02-02T08:29:34","date_gmt":"2026-02-02T08:29:34","guid":{"rendered":"https:\/\/suficeremony.com\/?page_id=16070"},"modified":"2026-02-27T11:26:39","modified_gmt":"2026-02-27T11:26:39","slug":"%e5%85%b3%e4%ba%8e%e6%88%91%e4%bb%ac","status":"publish","type":"page","link":"https:\/\/suficeremony.com\/zh\/about-us\/","title":{"rendered":"\u5173\u4e8e\u6211\u4eec"},"content":{"rendered":"<p>\u5341\u4e94\u5e74\u6765\uff0c\u6211\u4eec\u4e00\u76f4\u5728\u4f4d\u4e8e\u4f0a\u65af\u5766\u5e03\u5c14\u5e02\u4e2d\u5fc3\u7684\u5386\u53f2\u60a0\u4e45\u7684\u514b\u5179\u62c9\u62c9\u963f\u65af\u4f0a\u65af\u5170\u5b66\u6821\uff08K\u0131zlara\u011fas\u0131 Medrese\uff09\u7ec4\u7ec7\u4f20\u7edf\u7684\u82cf\u83f2\u4eea\u5f0f\uff08\u65cb\u8f6c\u821e\uff09\u8868\u6f14\u3002\u5728\u6b64\u671f\u95f4\uff0c\u6211\u4eec\u63a5\u5f85\u4e86\u6210\u5343\u4e0a\u4e07\u7684\u672c\u5730\u548c\u56fd\u9645\u5bbe\u5ba2\uff0c\u4ee5\u771f\u5b9e\u800c\u5c0a\u91cd\u7684\u65b9\u5f0f\u5448\u73b0\u4e86\u6885\u592b\u62c9\u7ef4\u6559\u6d3e\u7684\u4f20\u7edf\u53ca\u5176\u7cbe\u795e\u548c\u6587\u5316\u610f\u4e49\u3002.<\/p>\n\n\n\n<p>\u6211\u4eec\u7684\u56e2\u961f\u5728\u73b0\u573a\u97f3\u4e50\u8868\u6f14\u548c\u6587\u5316\u6d3b\u52a8\u7ec4\u7ec7\u65b9\u9762\u62e5\u6709\u4e30\u5bcc\u7684\u7ecf\u9a8c\u3002\u6bcf\u573a\u4eea\u5f0f\u90fd\u7531\u4e13\u4e1a\u97f3\u4e50\u5bb6\u548c\u8bad\u7ec3\u6709\u7d20\u7684\u53f8\u4eea\u8868\u6f14\uff0c\u786e\u4fdd\u8425\u9020\u51fa\u771f\u5b9e\u53ef\u4fe1\u7684\u6c1b\u56f4\uff0c\u4f53\u73b0\u8fd9\u4e00\u62e5\u6709\u6570\u767e\u5e74\u5386\u53f2\u7684\u4eea\u5f0f\u7684\u539f\u59cb\u7cbe\u795e\u3002.<\/p>\n\n\n\n<p>\u514b\u5179\u62c9\u62c9\u963f\u65af\u4f0a\u65af\u5170\u5b66\u6821\u72ec\u7279\u7684\u5386\u53f2\u73af\u5883\u548c\u5353\u8d8a\u7684\u97f3\u54cd\u6548\u679c\uff0c\u4e3a\u6e38\u5ba2\u5e26\u6765\u975e\u51e1\u7684\u4f53\u9a8c\uff0c\u4f7f\u4ed6\u4eec\u80fd\u591f\u6df1\u5165\u611f\u53d7\u4f0a\u65af\u5766\u5e03\u5c14\u4e30\u5bcc\u7684\u6587\u5316\u9057\u4ea7\u3002\u6211\u4eec\u7684\u4f7f\u547d\u662f\u4fdd\u62a4\u548c\u4f20\u627f\u8fd9\u4e00\u91cd\u8981\u7684\u4f20\u7edf\uff0c\u540c\u65f6\u4e3a\u5bbe\u5ba2\u63d0\u4f9b\u610f\u4e49\u975e\u51e1\u3001\u4ee4\u4eba\u96be\u5fd8\u7684\u6587\u5316\u4f53\u9a8c\u3002.<\/p>\n\n\n\n<p>\u51ed\u501f\u591a\u5e74\u7684\u7ecf\u9a8c\u548c\u4e13\u4e1a\u7684\u6001\u5ea6\uff0c\u6211\u4eec\u7ee7\u7eed\u4f5c\u4e3a\u4f0a\u65af\u5766\u5e03\u5c14\u503c\u5f97\u4fe1\u8d56\u7684\u6587\u5316\u6d3b\u52a8\u548c\u73b0\u573a\u4eea\u5f0f\u8868\u6f14\u7ec4\u7ec7\u8005\u63d0\u4f9b\u670d\u52a1\u3002.<\/p>","protected":false},"excerpt":{"rendered":"<p>For over 15 years, we have been organizing traditional Sufi Ceremony (Whirling Dervish) performances in the historic K\u0131zlara\u011fas\u0131 Medrese, located in the heart of Istanbul. Throughout this time, we have welcomed thousands of local and international guests, offering an authentic and respectful presentation of the Mevlevi tradition and its spiritual and cultural significance. Our team [&hellip;]<\/p>\n","protected":false},"author":1,"featured_media":0,"parent":0,"menu_order":0,"comment_status":"closed","ping_status":"closed","template":"","meta":{"footnotes":""},"class_list":["post-16070","page","type-page","status-publish","hentry"],"jetpack_sharing_enabled":true,"_links":{"self":[{"href":"https:\/\/suficeremony.com\/zh\/wp-json\/wp\/v2\/pages\/16070","targetHints":{"allow":["GET"]}}],"collection":[{"href":"https:\/\/suficeremony.com\/zh\/wp-json\/wp\/v2\/pages"}],"about":[{"href":"https:\/\/suficeremony.com\/zh\/wp-json\/wp\/v2\/types\/page"}],"author":[{"embeddable":true,"href":"https:\/\/suficeremony.com\/zh\/wp-json\/wp\/v2\/users\/1"}],"replies":[{"embeddable":true,"href":"https:\/\/suficeremony.com\/zh\/wp-json\/wp\/v2\/comments?post=16070"}],"version-history":[{"count":2,"href":"https:\/\/suficeremony.com\/zh\/wp-json\/wp\/v2\/pages\/16070\/revisions"}],"predecessor-version":[{"id":16102,"href":"https:\/\/suficeremony.com\/zh\/wp-json\/wp\/v2\/pages\/16070\/revisions\/16102"}],"wp:attachment":[{"href":"https:\/\/suficeremony.com\/zh\/wp-json\/wp\/v2\/media?parent=16070"}],"curies":[{"name":"wp","href":"https:\/\/api.w.org\/{rel}","templated":true}]}}