{"id":16076,"date":"2026-02-02T08:51:09","date_gmt":"2026-02-02T08:51:09","guid":{"rendered":"https:\/\/suficeremony.com\/?page_id=16076"},"modified":"2026-03-07T12:05:53","modified_gmt":"2026-03-07T12:05:53","slug":"terminos-y-condiciones","status":"publish","type":"page","link":"https:\/\/suficeremony.com\/es\/terms-and-conditions\/","title":{"rendered":"t\u00e9rminos y condiciones"},"content":{"rendered":"<h2 class=\"wp-block-heading\">1. Definiciones<\/h2>\n\n\n\n<p><strong>Cliente\/Comprador:<\/strong><br>Una persona f\u00edsica que adquiere un servicio digital a trav\u00e9s de SufiCeremony.com.<\/p>\n\n\n\n<p><strong>Servicio \/ Producto:<\/strong><br>Representaciones digitales de ceremonias suf\u00edes\/de derviches giradores disponibles en l\u00ednea a trav\u00e9s de transmisi\u00f3n en vivo o enlaces de acceso digital.<\/p>\n\n\n\n<p><strong>Vendedor:<\/strong><br>B\u00fclent Seyfi Benli (empresa unipersonal)<br>Funcionamiento a trav\u00e9s del sitio web:<br><a href=\"https:\/\/suficeremony.com\/es\/\">www.suficeremony.com<\/a><\/p>\n\n\n\n<p>Al completar una compra en el sitio web, el Cliente declara que ha le\u00eddo, comprendido y aceptado electr\u00f3nicamente estos T\u00e9rminos y Condiciones.<\/p>\n\n\n\n<hr class=\"wp-block-separator has-alpha-channel-opacity\"\/>\n\n\n\n<h2 class=\"wp-block-heading\">2. Formaci\u00f3n del Contrato<\/h2>\n\n\n\n<p>Un contrato entre el Cliente y el Vendedor entra en vigor cuando:<\/p>\n\n\n\n<ul class=\"wp-block-list\">\n<li>El pago se ha completado con \u00e9xito a trav\u00e9s del sistema de pago en l\u00ednea.<\/li>\n\n\n\n<li>La confirmaci\u00f3n del servicio se env\u00eda electr\u00f3nicamente (por correo electr\u00f3nico o enlace de acceso).<\/li>\n<\/ul>\n\n\n\n<p>El vendedor se reserva el derecho de rechazar o cancelar cualquier pedido si fuera necesario.<\/p>\n\n\n\n<hr class=\"wp-block-separator has-alpha-channel-opacity\"\/>\n\n\n\n<h2 class=\"wp-block-heading\">3. Naturaleza del Servicio<\/h2>\n\n\n\n<p>Todos los servicios ofrecidos en SufiCeremony.com son <strong>servicios digitales<\/strong>.<\/p>\n\n\n\n<p>El servicio se presta a trav\u00e9s de:<\/p>\n\n\n\n<ul class=\"wp-block-list\">\n<li>sesiones de transmisi\u00f3n en vivo en l\u00ednea, o<\/li>\n\n\n\n<li>Enlaces de acceso digital proporcionados electr\u00f3nicamente.<\/li>\n<\/ul>\n\n\n\n<p>No se trata de ning\u00fan producto f\u00edsico, env\u00edo ni servicio tur\u00edstico.<\/p>\n\n\n\n<hr class=\"wp-block-separator has-alpha-channel-opacity\"\/>\n\n\n\n<h2 class=\"wp-block-heading\">4. Pago y precios<\/h2>\n\n\n\n<p>Los pagos en SufiCeremony.com se procesan a trav\u00e9s de <strong>Infraestructura de pago seguro PAYTR<\/strong>.<\/p>\n\n\n\n<p>Los m\u00e9todos de pago aceptados pueden incluir:<\/p>\n\n\n\n<ul class=\"wp-block-list\">\n<li>Tarjetas de cr\u00e9dito<\/li>\n\n\n\n<li>Tarjetas de d\u00e9bito<\/li>\n\n\n\n<li>Otros m\u00e9todos de pago compatibles con PAYTR<\/li>\n<\/ul>\n\n\n\n<p>Todos los precios mostrados en el sitio web incluyen los impuestos aplicables, salvo que se indique lo contrario.<\/p>\n\n\n\n<p>Las diferencias en el tipo de cambio, los plazos de pago y los cargos bancarios adicionales son determinados por el banco del cliente.<br>El vendedor no se hace responsable de las diferencias cambiarias ni de los gastos bancarios adicionales.<\/p>\n\n\n\n<hr class=\"wp-block-separator has-alpha-channel-opacity\"\/>\n\n\n\n<h2 class=\"wp-block-heading\">5. Prestaci\u00f3n de servicios<\/h2>\n\n\n\n<p>Tras el pago exitoso:<\/p>\n\n\n\n<ul class=\"wp-block-list\">\n<li>El acceso al servicio o evento digital se realizar\u00e1 electr\u00f3nicamente mediante correo electr\u00f3nico o confirmaci\u00f3n en pantalla.<\/li>\n\n\n\n<li>El acceso digital se proporciona de forma inmediata o con una antelaci\u00f3n razonable a la sesi\u00f3n programada.<\/li>\n<\/ul>\n\n\n\n<hr class=\"wp-block-separator has-alpha-channel-opacity\"\/>\n\n\n\n<h2 class=\"wp-block-heading\">6. Pol\u00edtica de cancelaci\u00f3n y reembolso<\/h2>\n\n\n\n<p>Los reembolsos se rigen por la <strong>Pol\u00edtica de cancelaci\u00f3n y reembolso<\/strong> Disponible en SufiCeremony.com.<\/p>\n\n\n\n<p>Reglas generales:<\/p>\n\n\n\n<ul class=\"wp-block-list\">\n<li>Solo se conceder\u00e1n reembolsos si el servicio no puede prestarse por causas imputables al vendedor.<\/li>\n\n\n\n<li>Una vez que se haya proporcionado acceso al contenido digital o a la ceremonia en l\u00ednea, <strong>El derecho de desistimiento no se aplica.<\/strong>, de conformidad con la normativa de protecci\u00f3n al consumidor relativa al contenido digital.<\/li>\n<\/ul>\n\n\n\n<p>Todas las solicitudes de reembolso deben ser presentadas <strong>por escrito v\u00eda correo electr\u00f3nico<\/strong>.<\/p>\n\n\n\n<hr class=\"wp-block-separator has-alpha-channel-opacity\"\/>\n\n\n\n<h2 class=\"wp-block-heading\">7. Enmiendas<\/h2>\n\n\n\n<p>Cambios en el servicio tales como <strong>fecha, hora o sesi\u00f3n<\/strong> Est\u00e1n sujetos a disponibilidad.<\/p>\n\n\n\n<p>El vendedor se reserva el derecho de modificar o reprogramar las sesiones por razones operativas o t\u00e9cnicas.<\/p>\n\n\n\n<hr class=\"wp-block-separator has-alpha-channel-opacity\"\/>\n\n\n\n<h2 class=\"wp-block-heading\">8. Derecho del vendedor a cancelar o modificar<\/h2>\n\n\n\n<p>El vendedor podr\u00e1 cancelar o reprogramar un servicio debido a:<\/p>\n\n\n\n<ul class=\"wp-block-list\">\n<li>Problemas t\u00e9cnicos<\/li>\n\n\n\n<li>Fallos de la plataforma<\/li>\n\n\n\n<li>Situaciones de fuerza mayor (interrupciones de internet, fallos del sistema, circunstancias imprevistas)<\/li>\n<\/ul>\n\n\n\n<p>En tales casos, se le ofrecer\u00e1 al Cliente:<\/p>\n\n\n\n<ul class=\"wp-block-list\">\n<li>Participaci\u00f3n en otra sesi\u00f3n disponible, o<\/li>\n\n\n\n<li>Reembolso completo.<\/li>\n<\/ul>\n\n\n\n<hr class=\"wp-block-separator has-alpha-channel-opacity\"\/>\n\n\n\n<h2 class=\"wp-block-heading\">9. Responsabilidad t\u00e9cnica<\/h2>\n\n\n\n<p>Los clientes son responsables de asegurarse de que tienen:<\/p>\n\n\n\n<ul class=\"wp-block-list\">\n<li>Una conexi\u00f3n a internet estable<\/li>\n\n\n\n<li>Dispositivos compatibles<\/li>\n\n\n\n<li>Software necesario<\/li>\n<\/ul>\n\n\n\n<p>El vendedor no se responsabiliza de los problemas t\u00e9cnicos derivados del equipo o la conexi\u00f3n a internet del cliente.<\/p>\n\n\n\n<hr class=\"wp-block-separator has-alpha-channel-opacity\"\/>\n\n\n\n<h2 class=\"wp-block-heading\">10. Propiedad intelectual<\/h2>\n\n\n\n<p>Todo el contenido proporcionado a trav\u00e9s de SufiCeremony.com incluye:<\/p>\n\n\n\n<ul class=\"wp-block-list\">\n<li>V\u00eddeos<\/li>\n\n\n\n<li>Im\u00e1genes<\/li>\n\n\n\n<li>Textos<\/li>\n\n\n\n<li>Actuaciones<\/li>\n<\/ul>\n\n\n\n<p>est\u00e1n protegidos por las leyes de propiedad intelectual.<\/p>\n\n\n\n<p>Queda estrictamente prohibido grabar, copiar, distribuir o utilizar el contenido con fines comerciales sin autorizaci\u00f3n por escrito.<\/p>\n\n\n\n<p>El uso no autorizado puede dar lugar a acciones legales.<\/p>\n\n\n\n<hr class=\"wp-block-separator has-alpha-channel-opacity\"\/>\n\n\n\n<h2 class=\"wp-block-heading\">11. Restricciones de grabaci\u00f3n<\/h2>\n\n\n\n<p>Queda estrictamente prohibido grabar, capturar la pantalla o retransmitir la ceremonia en l\u00ednea sin el permiso por escrito del vendedor.<\/p>\n\n\n\n<hr class=\"wp-block-separator has-alpha-channel-opacity\"\/>\n\n\n\n<h2 class=\"wp-block-heading\">12. Quejas<\/h2>\n\n\n\n<p>Todas las quejas relacionadas con el servicio deben presentarse:<\/p>\n\n\n\n<ul class=\"wp-block-list\">\n<li>Escrito<\/li>\n\n\n\n<li>Por correo electr\u00f3nico<\/li>\n\n\n\n<li>Dentro de un plazo razonable despu\u00e9s del servicio<\/li>\n<\/ul>\n\n\n\n<p>El vendedor no puede solucionar problemas que no hayan sido reportados.<\/p>\n\n\n\n<hr class=\"wp-block-separator has-alpha-channel-opacity\"\/>\n\n\n\n<h2 class=\"wp-block-heading\">13. Ley aplicable<\/h2>\n\n\n\n<p>Estos T\u00e9rminos y Condiciones se rigen por las leyes de <strong>Rep\u00fablica de Turqu\u00eda<\/strong>.<\/p>\n\n\n\n<p>En caso de disputas, la jurisdicci\u00f3n corresponde a:<\/p>\n\n\n\n<ul class=\"wp-block-list\">\n<li>Comit\u00e9s de arbitraje de consumo turcos<\/li>\n\n\n\n<li>Tribunales de Consumo turcos<\/li>\n<\/ul>\n\n\n\n<hr class=\"wp-block-separator has-alpha-channel-opacity\"\/>\n\n\n\n<h2 class=\"wp-block-heading\">14. Aceptaci\u00f3n<\/h2>\n\n\n\n<p>Al adquirir un servicio a trav\u00e9s de <strong><a href=\"https:\/\/suficeremony.com\/es\/\">www.suficeremony.com<\/a><\/strong>, El Cliente confirma que ha le\u00eddo, comprendido y aceptado estos T\u00e9rminos y Condiciones electr\u00f3nicamente.<\/p>","protected":false},"excerpt":{"rendered":"<p>1. Definitions Client \/ Buyer:A natural person who purchases a digital service through SufiCeremony.com. Service \/ Product:Online digital Sufi \/ Whirling Dervish ceremony performances provided through live streaming or digital access links. Seller:B\u00fclent Seyfi Benli (Sole Proprietorship)Operating through the website:www.suficeremony.com By completing a purchase on the website, the Client declares that they have read, understood, [&hellip;]<\/p>\n","protected":false},"author":1,"featured_media":0,"parent":0,"menu_order":0,"comment_status":"closed","ping_status":"closed","template":"","meta":{"footnotes":""},"class_list":["post-16076","page","type-page","status-publish","hentry"],"jetpack_sharing_enabled":true,"_links":{"self":[{"href":"https:\/\/suficeremony.com\/es\/wp-json\/wp\/v2\/pages\/16076","targetHints":{"allow":["GET"]}}],"collection":[{"href":"https:\/\/suficeremony.com\/es\/wp-json\/wp\/v2\/pages"}],"about":[{"href":"https:\/\/suficeremony.com\/es\/wp-json\/wp\/v2\/types\/page"}],"author":[{"embeddable":true,"href":"https:\/\/suficeremony.com\/es\/wp-json\/wp\/v2\/users\/1"}],"replies":[{"embeddable":true,"href":"https:\/\/suficeremony.com\/es\/wp-json\/wp\/v2\/comments?post=16076"}],"version-history":[{"count":2,"href":"https:\/\/suficeremony.com\/es\/wp-json\/wp\/v2\/pages\/16076\/revisions"}],"predecessor-version":[{"id":16105,"href":"https:\/\/suficeremony.com\/es\/wp-json\/wp\/v2\/pages\/16076\/revisions\/16105"}],"wp:attachment":[{"href":"https:\/\/suficeremony.com\/es\/wp-json\/wp\/v2\/media?parent=16076"}],"curies":[{"name":"wp","href":"https:\/\/api.w.org\/{rel}","templated":true}]}}