{"id":16074,"date":"2026-02-02T08:47:55","date_gmt":"2026-02-02T08:47:55","guid":{"rendered":"https:\/\/suficeremony.com\/?page_id=16074"},"modified":"2026-03-07T12:07:48","modified_gmt":"2026-03-07T12:07:48","slug":"contrato-de-venta-a-distancia","status":"publish","type":"page","link":"https:\/\/suficeremony.com\/es\/distance-selling-agreement\/","title":{"rendered":"contrato de venta a distancia"},"content":{"rendered":"<h2 class=\"wp-block-heading\">1. INFORMACI\u00d3N SOBRE EL VENDEDOR<\/h2>\n\n\n\n<p>Nombre comercial: <strong>B\u00fclent Seyfi Benli<\/strong><br>Tipo de negocio: <strong>Empresa unipersonal<\/strong><br>Sitio web: <strong><a href=\"https:\/\/suficeremony.com\/es\/\">www.suficeremony.com<\/a><\/strong><br>Correo electr\u00f3nico: <strong><a>info@suficeremony.com<\/a><\/strong><\/p>\n\n\n\n<p>Direcci\u00f3n: Estambul, Turqu\u00eda<\/p>\n\n\n\n<p>(en adelante denominada la <strong>\u201c&quot;VENDEDOR&quot;\u201d<\/strong>)<\/p>\n\n\n\n<hr class=\"wp-block-separator has-alpha-channel-opacity\"\/>\n\n\n\n<h1 class=\"wp-block-heading\">2. INFORMACI\u00d3N SOBRE EL COMPRADOR<\/h1>\n\n\n\n<p>Nombre \/ Apellido:<br>Direcci\u00f3n de correo electr\u00f3nico:<br>N\u00famero de tel\u00e9fono:<\/p>\n\n\n\n<p>(en adelante denominada la <strong>\u201c&quot;COMPRADOR&quot;\u201d<\/strong>)<\/p>\n\n\n\n<p>La informaci\u00f3n del COMPRADOR se genera autom\u00e1ticamente en funci\u00f3n de los datos introducidos durante el proceso de compra.<\/p>\n\n\n\n<hr class=\"wp-block-separator has-alpha-channel-opacity\"\/>\n\n\n\n<h1 class=\"wp-block-heading\">3. OBJETO DEL ACUERDO<\/h1>\n\n\n\n<p>Este Contrato de Venta a Distancia regula los derechos y obligaciones de las partes de conformidad con:<\/p>\n\n\n\n<ul class=\"wp-block-list\">\n<li><strong>Ley N\u00b0 6502 sobre protecci\u00f3n al consumidor<\/strong><\/li>\n\n\n\n<li><strong>Reglamento sobre contratos a distancia<\/strong><\/li>\n<\/ul>\n\n\n\n<p>en relaci\u00f3n con la compra y entrega de servicios digitales ofrecidos a trav\u00e9s de <strong><a href=\"https:\/\/suficeremony.com\/es\/\">www.suficeremony.com<\/a><\/strong>.<\/p>\n\n\n\n<hr class=\"wp-block-separator has-alpha-channel-opacity\"\/>\n\n\n\n<h1 class=\"wp-block-heading\">4. SERVICIO SUJETO AL ACUERDO<\/h1>\n\n\n\n<p>El servicio objeto del presente acuerdo consiste en:<\/p>\n\n\n\n<ul class=\"wp-block-list\">\n<li><strong>Representaciones en l\u00ednea (digitales) de ceremonias suf\u00edes\/de derviches giradores<\/strong><\/li>\n\n\n\n<li>Entregado a trav\u00e9s de <strong>transmisi\u00f3n en vivo en l\u00ednea<\/strong> o <strong>enlaces de acceso digital<\/strong><\/li>\n<\/ul>\n\n\n\n<p>Detalles del servicio, tales como:<\/p>\n\n\n\n<ul class=\"wp-block-list\">\n<li>Fecha<\/li>\n\n\n\n<li>Tiempo<\/li>\n\n\n\n<li>Duraci\u00f3n<\/li>\n\n\n\n<li>M\u00e9todo de acceso<\/li>\n<\/ul>\n\n\n\n<p>Se especifican en la p\u00e1gina del producto durante el proceso de compra.<\/p>\n\n\n\n<p>Dado que el servicio se entrega <strong>digitalmente<\/strong>, No se aplica ning\u00fan env\u00edo o entrega f\u00edsica.<\/p>\n\n\n\n<hr class=\"wp-block-separator has-alpha-channel-opacity\"\/>\n\n\n\n<h1 class=\"wp-block-heading\">5. M\u00c9TODO DE PAGO<\/h1>\n\n\n\n<p>Los pagos se procesan a trav\u00e9s de <strong>Infraestructura de pago seguro PAYTR<\/strong>.<\/p>\n\n\n\n<p>Los m\u00e9todos de pago aceptados pueden incluir:<\/p>\n\n\n\n<ul class=\"wp-block-list\">\n<li>Tarjetas de cr\u00e9dito<\/li>\n\n\n\n<li>Tarjetas de d\u00e9bito<\/li>\n\n\n\n<li>Otros m\u00e9todos de pago compatibles con PAYTR<\/li>\n<\/ul>\n\n\n\n<p>El pago se completa durante el proceso de compra.<\/p>\n\n\n\n<p>Las opciones de pago a plazos, los tipos de cambio y los cargos bancarios adicionales son determinados exclusivamente por el banco del COMPRADOR.<\/p>\n\n\n\n<p>El VENDEDOR no se hace responsable de:<\/p>\n\n\n\n<ul class=\"wp-block-list\">\n<li>campa\u00f1as de financiaci\u00f3n bancaria<\/li>\n\n\n\n<li>Diferencias en el cambio de divisas<\/li>\n\n\n\n<li>Comisiones bancarias adicionales.<\/li>\n<\/ul>\n\n\n\n<hr class=\"wp-block-separator has-alpha-channel-opacity\"\/>\n\n\n\n<h1 class=\"wp-block-heading\">6. PRESTACI\u00d3N DEL SERVICIO (PRESENTACI\u00d3N DIGITAL)<\/h1>\n\n\n\n<p>El servicio contratado se presta electr\u00f3nicamente.<\/p>\n\n\n\n<p>Tras el pago exitoso:<\/p>\n\n\n\n<ul class=\"wp-block-list\">\n<li>La informaci\u00f3n de acceso (enlace de transmisi\u00f3n en directo o enlace de acceso digital) se enviar\u00e1 a la direcci\u00f3n de correo electr\u00f3nico del COMPRADOR.<\/li>\n<\/ul>\n\n\n\n<p>La entrega se considera completada una vez que se ha proporcionado correctamente la informaci\u00f3n de acceso digital.<\/p>\n\n\n\n<p>El acceso digital se proporciona generalmente de la siguiente manera:<\/p>\n\n\n\n<ul class=\"wp-block-list\">\n<li><strong>Inmediatamente despu\u00e9s de la compra<\/strong>, o<\/li>\n\n\n\n<li><strong>Antes de la sesi\u00f3n de la ceremonia programada<\/strong><\/li>\n<\/ul>\n\n\n\n<p>Si no se puede proporcionar acceso debido a problemas t\u00e9cnicos relacionados con el VENDEDOR, el COMPRADOR tiene derecho a una <strong>reembolso completo<\/strong>.<\/p>\n\n\n\n<hr class=\"wp-block-separator has-alpha-channel-opacity\"\/>\n\n\n\n<h1 class=\"wp-block-heading\">7. DISPOSICIONES GENERALES<\/h1>\n\n\n\n<h2 class=\"wp-block-heading\">7.1<\/h2>\n\n\n\n<p>Antes de completar la compra, el COMPRADOR confirma que ha revisado y aceptado lo siguiente:<\/p>\n\n\n\n<ul class=\"wp-block-list\">\n<li>Descripci\u00f3n del servicio<\/li>\n\n\n\n<li>Precio total y condiciones de pago<\/li>\n\n\n\n<li>Condiciones de cancelaci\u00f3n y reembolso<\/li>\n\n\n\n<li>Este Contrato de Venta a Distancia<\/li>\n<\/ul>\n\n\n\n<h2 class=\"wp-block-heading\">7.2<\/h2>\n\n\n\n<p>Este acuerdo entra en vigor electr\u00f3nicamente una vez confirmada la recepci\u00f3n del pago y se env\u00eda al COMPRADOR por correo electr\u00f3nico.<\/p>\n\n\n\n<h2 class=\"wp-block-heading\">7.3<\/h2>\n\n\n\n<p>El VENDEDOR se compromete a prestar el servicio de acuerdo con la informaci\u00f3n publicada en el sitio web.<\/p>\n\n\n\n<h2 class=\"wp-block-heading\">7.4<\/h2>\n\n\n\n<p>Si el servicio no puede prestarse debido a problemas t\u00e9cnicos o situaciones de fuerza mayor, se informar\u00e1 al COMPRADOR y se le ofrecer\u00e1:<\/p>\n\n\n\n<ul class=\"wp-block-list\">\n<li>Un reembolso completo o<\/li>\n\n\n\n<li>Participaci\u00f3n en una sesi\u00f3n alternativa.<\/li>\n<\/ul>\n\n\n\n<hr class=\"wp-block-separator has-alpha-channel-opacity\"\/>\n\n\n\n<h1 class=\"wp-block-heading\">8. DERECHO DE DESISTIMIENTO<\/h1>\n\n\n\n<p>De acuerdo con <strong>Art\u00edculo 15 del Reglamento sobre contratos a distancia<\/strong>, el derecho de desistimiento <strong>no aplica<\/strong> a:<\/p>\n\n\n\n<blockquote class=\"wp-block-quote is-layout-flow wp-block-quote-is-layout-flow\">\n<p>Contenido o servicios digitales entregados electr\u00f3nicamente una vez que se ha iniciado el acceso.<\/p>\n<\/blockquote>\n\n\n\n<p>Por lo tanto:<\/p>\n\n\n\n<p>Una vez que se le proporciona acceso a la ceremonia en l\u00ednea o al contenido digital, el COMPRADOR no puede ejercer el derecho de desistimiento.<\/p>\n\n\n\n<p>No se realizan reembolsos despu\u00e9s de la entrega digital, excepto en casos causados por el VENDEDOR.<\/p>\n\n\n\n<hr class=\"wp-block-separator has-alpha-channel-opacity\"\/>\n\n\n\n<h1 class=\"wp-block-heading\">9. CONDICIONES DE CANCELACI\u00d3N Y REEMBOLSO<\/h1>\n\n\n\n<p>Los reembolsos solo se aplicar\u00e1n en los siguientes casos:<\/p>\n\n\n\n<ul class=\"wp-block-list\">\n<li>La ceremonia en l\u00ednea es cancelada por el VENDEDOR.<\/li>\n\n\n\n<li>El servicio no se puede prestar debido a problemas t\u00e9cnicos relacionados con el VENDEDOR.<\/li>\n\n\n\n<li>La informaci\u00f3n de acceso no se entrega al COMPRADOR.<\/li>\n<\/ul>\n\n\n\n<p>Las solicitudes de reembolso deben ser presentadas <strong>por escrito v\u00eda correo electr\u00f3nico<\/strong>.<\/p>\n\n\n\n<p>Los reembolsos aprobados se procesan dentro de <strong>De 1 a 7 d\u00edas h\u00e1biles<\/strong>.<\/p>\n\n\n\n<p>Los tiempos de procesamiento bancario pueden variar seg\u00fan el proveedor de pagos.<\/p>\n\n\n\n<hr class=\"wp-block-separator has-alpha-channel-opacity\"\/>\n\n\n\n<h1 class=\"wp-block-heading\">10. FUERZA MAYOR<\/h1>\n\n\n\n<p>Ninguna de las partes ser\u00e1 responsable por el incumplimiento de las obligaciones debido a eventos de fuerza mayor tales como:<\/p>\n\n\n\n<ul class=\"wp-block-list\">\n<li>Interrupciones de Internet<\/li>\n\n\n\n<li>Fallos de la plataforma<\/li>\n\n\n\n<li>desastres naturales<\/li>\n\n\n\n<li>Restricciones gubernamentales<\/li>\n\n\n\n<li>Fallos en la infraestructura t\u00e9cnica que escapan a un control razonable.<\/li>\n<\/ul>\n\n\n\n<hr class=\"wp-block-separator has-alpha-channel-opacity\"\/>\n\n\n\n<h1 class=\"wp-block-heading\">11. RESOLUCI\u00d3N DE DISPUTAS<\/h1>\n\n\n\n<p>Este acuerdo se rige por la <strong>leyes de la Rep\u00fablica de Turqu\u00eda<\/strong>.<\/p>\n\n\n\n<p>En caso de disputas:<\/p>\n\n\n\n<ul class=\"wp-block-list\">\n<li><strong>Comit\u00e9s de arbitraje de consumo<\/strong><\/li>\n\n\n\n<li><strong>Tribunales de consumo en Turqu\u00eda<\/strong><\/li>\n<\/ul>\n\n\n\n<p>tendr\u00e1 jurisdicci\u00f3n.<\/p>\n\n\n\n<hr class=\"wp-block-separator has-alpha-channel-opacity\"\/>\n\n\n\n<h1 class=\"wp-block-heading\">12. ACEPTACI\u00d3N<\/h1>\n\n\n\n<p>Al completar una compra a trav\u00e9s de <strong><a href=\"https:\/\/suficeremony.com\/es\/\">www.suficeremony.com<\/a><\/strong>, El COMPRADOR declara que tiene:<\/p>\n\n\n\n<ul class=\"wp-block-list\">\n<li>Leer<\/li>\n\n\n\n<li>Comprendido<\/li>\n\n\n\n<li>Aceptado<\/li>\n<\/ul>\n\n\n\n<p>este <strong>Contrato de venta a distancia electr\u00f3nico<\/strong>.<\/p>","protected":false},"excerpt":{"rendered":"<p>1. INFORMATION ABOUT THE SELLER Commercial Name: B\u00fclent Seyfi BenliBusiness Type: Sole ProprietorshipWebsite: www.suficeremony.comEmail: info@suficeremony.com Address: Istanbul, T\u00fcrkiye (Hereinafter referred to as the \u201cSELLER\u201d) 2. INFORMATION ABOUT THE BUYER Name \/ Surname:Email Address:Phone Number: (Hereinafter referred to as the \u201cBUYER\u201d) The BUYER information is automatically generated based on the data entered during the purchase process. [&hellip;]<\/p>\n","protected":false},"author":1,"featured_media":0,"parent":0,"menu_order":0,"comment_status":"closed","ping_status":"closed","template":"","meta":{"footnotes":""},"class_list":["post-16074","page","type-page","status-publish","hentry"],"jetpack_sharing_enabled":true,"_links":{"self":[{"href":"https:\/\/suficeremony.com\/es\/wp-json\/wp\/v2\/pages\/16074","targetHints":{"allow":["GET"]}}],"collection":[{"href":"https:\/\/suficeremony.com\/es\/wp-json\/wp\/v2\/pages"}],"about":[{"href":"https:\/\/suficeremony.com\/es\/wp-json\/wp\/v2\/types\/page"}],"author":[{"embeddable":true,"href":"https:\/\/suficeremony.com\/es\/wp-json\/wp\/v2\/users\/1"}],"replies":[{"embeddable":true,"href":"https:\/\/suficeremony.com\/es\/wp-json\/wp\/v2\/comments?post=16074"}],"version-history":[{"count":2,"href":"https:\/\/suficeremony.com\/es\/wp-json\/wp\/v2\/pages\/16074\/revisions"}],"predecessor-version":[{"id":16106,"href":"https:\/\/suficeremony.com\/es\/wp-json\/wp\/v2\/pages\/16074\/revisions\/16106"}],"wp:attachment":[{"href":"https:\/\/suficeremony.com\/es\/wp-json\/wp\/v2\/media?parent=16074"}],"curies":[{"name":"wp","href":"https:\/\/api.w.org\/{rel}","templated":true}]}}