{"id":16070,"date":"2026-02-02T08:29:34","date_gmt":"2026-02-02T08:29:34","guid":{"rendered":"https:\/\/suficeremony.com\/?page_id=16070"},"modified":"2026-02-27T11:26:39","modified_gmt":"2026-02-27T11:26:39","slug":"sobre-nosotros","status":"publish","type":"page","link":"https:\/\/suficeremony.com\/es\/about-us\/","title":{"rendered":"sobre nosotros"},"content":{"rendered":"<p>Durante m\u00e1s de 15 a\u00f1os, hemos organizado ceremonias suf\u00edes tradicionales (con derviches giratorios) en la hist\u00f3rica madraza K\u0131zlara\u011fas\u0131, ubicada en el coraz\u00f3n de Estambul. A lo largo de este tiempo, hemos recibido a miles de visitantes locales e internacionales, ofreciendo una presentaci\u00f3n aut\u00e9ntica y respetuosa de la tradici\u00f3n mevlev\u00ed y su significado espiritual y cultural.<\/p>\n\n\n\n<p>Nuestro equipo cuenta con una amplia experiencia en presentaciones de m\u00fasica en vivo y organizaci\u00f3n de eventos culturales. Cada ceremonia es interpretada por m\u00fasicos profesionales y semazens capacitados, lo que garantiza una atm\u00f3sfera aut\u00e9ntica que refleja el esp\u00edritu original de este ritual centenario.<\/p>\n\n\n\n<p>El singular entorno hist\u00f3rico y la extraordinaria ac\u00fastica de la madraza K\u0131zlara\u011fas\u0131 enriquecen la experiencia, permitiendo a los visitantes conectar profundamente con el rico patrimonio cultural de Estambul. Nuestra misi\u00f3n es preservar y compartir esta importante tradici\u00f3n, ofreciendo a nuestros hu\u00e9spedes una experiencia cultural significativa e inolvidable.<\/p>\n\n\n\n<p>Con a\u00f1os de experiencia y un enfoque profesional, seguimos siendo una empresa de confianza en la organizaci\u00f3n de eventos culturales y espect\u00e1culos ceremoniales en directo en Estambul.<\/p>","protected":false},"excerpt":{"rendered":"<p>For over 15 years, we have been organizing traditional Sufi Ceremony (Whirling Dervish) performances in the historic K\u0131zlara\u011fas\u0131 Medrese, located in the heart of Istanbul. Throughout this time, we have welcomed thousands of local and international guests, offering an authentic and respectful presentation of the Mevlevi tradition and its spiritual and cultural significance. Our team [&hellip;]<\/p>\n","protected":false},"author":1,"featured_media":0,"parent":0,"menu_order":0,"comment_status":"closed","ping_status":"closed","template":"","meta":{"footnotes":""},"class_list":["post-16070","page","type-page","status-publish","hentry"],"jetpack_sharing_enabled":true,"_links":{"self":[{"href":"https:\/\/suficeremony.com\/es\/wp-json\/wp\/v2\/pages\/16070","targetHints":{"allow":["GET"]}}],"collection":[{"href":"https:\/\/suficeremony.com\/es\/wp-json\/wp\/v2\/pages"}],"about":[{"href":"https:\/\/suficeremony.com\/es\/wp-json\/wp\/v2\/types\/page"}],"author":[{"embeddable":true,"href":"https:\/\/suficeremony.com\/es\/wp-json\/wp\/v2\/users\/1"}],"replies":[{"embeddable":true,"href":"https:\/\/suficeremony.com\/es\/wp-json\/wp\/v2\/comments?post=16070"}],"version-history":[{"count":2,"href":"https:\/\/suficeremony.com\/es\/wp-json\/wp\/v2\/pages\/16070\/revisions"}],"predecessor-version":[{"id":16102,"href":"https:\/\/suficeremony.com\/es\/wp-json\/wp\/v2\/pages\/16070\/revisions\/16102"}],"wp:attachment":[{"href":"https:\/\/suficeremony.com\/es\/wp-json\/wp\/v2\/media?parent=16070"}],"curies":[{"name":"wp","href":"https:\/\/api.w.org\/{rel}","templated":true}]}}